{"id":3,"date":"2009-11-02T13:00:51","date_gmt":"2009-11-02T12:00:51","guid":{"rendered":"http:\/\/www.shgrafik.dk\/?page_id=3"},"modified":"2009-11-02T20:07:17","modified_gmt":"2009-11-02T19:07:17","slug":"forside","status":"publish","type":"page","link":"https:\/\/www.shgrafik.dk\/","title":{"rendered":"Forside"},"content":{"rendered":"<p style=\"text-align: center;\"><strong><span style=\"font-size: medium;\">Etiketter \u00b7 V\u00e6rditryk \u00b7 Brochurer \u00b7 Digitaltryk<\/span><\/strong><\/p>\n<p style=\"text-align: center;\"><strong><span style=\"font-size: medium;\">Design &amp; Plast \u00b7 Sikkerhedstryk \u00b7 Forretningstryksager<\/span><\/strong><\/p>\n<p style=\"text-align: center;\"><strong><span style=\"font-size: medium;\">Certificeret af NATO \u00b7 Certificeret af Finansr\u00e5det<\/span><\/strong><\/p>\n<p style=\"text-align: center;\"><strong><span style=\"font-size: medium;\">\u00a0<\/span><\/strong><\/p>\n<p style=\"text-align: center;\"><strong><span style=\"font-size: medium;\">G\u00f8r en foresp\u00f8rgsel og f\u00e5 et bud STORT &amp; sm\u00e5t<\/span><\/strong><\/p>\n<p style=\"text-align: center;\"><strong><span style=\"font-size: medium;\">Edvard Gl\u00e6sels Vej 6 \u00b7 DK-2000 Frederiksberg<\/span><\/strong><\/p>\n<p style=\"text-align: center;\"><strong><span style=\"font-size: medium;\">Tel. 2142 6465 \u00b7 Fax 3811 6765<\/span><\/strong><\/p>\n<p style=\"text-align: center;\"><strong><span style=\"font-size: medium;\"><a href=\"mailto:shg@shgrafik.dk\">shg@shgrafik.dk<\/a><\/span><\/strong><\/p>\n<p style=\"text-align: center;\"><strong><span style=\"font-size: medium;\">\u00a0<\/span><\/strong><\/p>\n","protected":false},"excerpt":{"rendered":"<p>Etiketter \u00b7 V\u00e6rditryk \u00b7 Brochurer \u00b7 Digitaltryk Design &amp; Plast \u00b7 Sikkerhedstryk \u00b7 Forretningstryksager Certificeret af NATO \u00b7 Certificeret af Finansr\u00e5det \u00a0 G\u00f8r en foresp\u00f8rgsel og f\u00e5 et bud STORT &amp; sm\u00e5t Edvard Gl\u00e6sels Vej 6 \u00b7 DK-2000 Frederiksberg Tel. 2142 6465 \u00b7 Fax 3811 6765 shg@shgrafik.dk \u00a0<\/p>\n","protected":false},"author":1,"featured_media":0,"parent":0,"menu_order":0,"comment_status":"closed","ping_status":"open","template":"forside.php","meta":{"footnotes":""},"class_list":["post-3","page","type-page","status-publish","hentry"],"aioseo_notices":[],"_links":{"self":[{"href":"https:\/\/www.shgrafik.dk\/index.php?rest_route=\/wp\/v2\/pages\/3","targetHints":{"allow":["GET"]}}],"collection":[{"href":"https:\/\/www.shgrafik.dk\/index.php?rest_route=\/wp\/v2\/pages"}],"about":[{"href":"https:\/\/www.shgrafik.dk\/index.php?rest_route=\/wp\/v2\/types\/page"}],"author":[{"embeddable":true,"href":"https:\/\/www.shgrafik.dk\/index.php?rest_route=\/wp\/v2\/users\/1"}],"replies":[{"embeddable":true,"href":"https:\/\/www.shgrafik.dk\/index.php?rest_route=%2Fwp%2Fv2%2Fcomments&post=3"}],"version-history":[{"count":0,"href":"https:\/\/www.shgrafik.dk\/index.php?rest_route=\/wp\/v2\/pages\/3\/revisions"}],"wp:attachment":[{"href":"https:\/\/www.shgrafik.dk\/index.php?rest_route=%2Fwp%2Fv2%2Fmedia&parent=3"}],"curies":[{"name":"wp","href":"https:\/\/api.w.org\/{rel}","templated":true}]}}