{"id":2,"date":"2009-11-02T12:54:21","date_gmt":"2009-11-02T11:54:21","guid":{"rendered":"http:\/\/www.shgrafik.dk\/?page_id=2"},"modified":"2009-11-02T19:19:51","modified_gmt":"2009-11-02T18:19:51","slug":"om","status":"publish","type":"page","link":"https:\/\/www.shgrafik.dk\/?page_id=2","title":{"rendered":"Om SH Grafik"},"content":{"rendered":"<p>Grafisk engagement<\/p>\n<p>Vi v\u00e6gter at give vore interessegrupper en engageret<br \/>\nog personlige oplevelse, r\u00e5dgivning med kompetence,<br \/>\ngodt hum\u00f8r og fleksibilitet.<\/p>\n<p>Vi har korte kommunikationlinjer i samarbejde med<br \/>\nnuv\u00e6rende, tidligere og fremtidige kunder og leverand\u00f8rer.<\/p>\n<p>Ansvarsbevidsthed, motivation og kompetence er n\u00f8gleord<br \/>\nfor at drive vor virksomhed.<\/p>\n<p>Store ord med et h\u00f8jt serviceniveau, god kundebetjening,<br \/>\nsikkerhed, pr\u00e6cision og konkurrencedygtige priser.<\/p>\n<p>Sk\u00e5ret ud i pap er vort m\u00e5l altid at<\/p>\n<ul>\n<li>\n<div style=\"padding-left: 30px;\">levere den korrekte (forventede) leverance<\/div>\n<\/li>\n<li>\n<div style=\"padding-left: 30px;\">i rette kvalitet<\/div>\n<\/li>\n<li>\n<div style=\"padding-left: 30px;\">til rette pris<\/div>\n<\/li>\n<li>\n<div style=\"padding-left: 30px;\">p\u00e5 rette sted<\/div>\n<\/li>\n<li>\n<div style=\"padding-left: 30px;\">til aftalt tid.<\/div>\n<\/li>\n<\/ul>\n<p>Vi har drevet grafisk virksomheden siden 1968<br \/>\n&#8211; og vil fortsat v\u00e6re med ud i en uoverskuelig fremtid.<\/p>\n<p>Er du interesseret i n\u00e6rmer kendskab til os, eller har du<br \/>\nen konkret opgave, s\u00e5 kontakt os for en uforpligtende \u201dgrafisk snak\u201d<\/p>\n<p>Henrik Murmann<br \/>\nFabrikant<\/p>\n","protected":false},"excerpt":{"rendered":"<p>Grafisk engagement Vi v\u00e6gter at give vore interessegrupper en engageret og personlige oplevelse, r\u00e5dgivning med kompetence, godt hum\u00f8r og fleksibilitet. Vi har korte kommunikationlinjer i samarbejde med nuv\u00e6rende, tidligere og fremtidige kunder og leverand\u00f8rer. Ansvarsbevidsthed, motivation og kompetence er n\u00f8gleord for at drive vor virksomhed. Store ord med et h\u00f8jt serviceniveau, god kundebetjening, sikkerhed, pr\u00e6cision [&hellip;]<\/p>\n","protected":false},"author":1,"featured_media":0,"parent":0,"menu_order":0,"comment_status":"closed","ping_status":"open","template":"","meta":{"footnotes":""},"class_list":["post-2","page","type-page","status-publish","hentry"],"aioseo_notices":[],"_links":{"self":[{"href":"https:\/\/www.shgrafik.dk\/index.php?rest_route=\/wp\/v2\/pages\/2","targetHints":{"allow":["GET"]}}],"collection":[{"href":"https:\/\/www.shgrafik.dk\/index.php?rest_route=\/wp\/v2\/pages"}],"about":[{"href":"https:\/\/www.shgrafik.dk\/index.php?rest_route=\/wp\/v2\/types\/page"}],"author":[{"embeddable":true,"href":"https:\/\/www.shgrafik.dk\/index.php?rest_route=\/wp\/v2\/users\/1"}],"replies":[{"embeddable":true,"href":"https:\/\/www.shgrafik.dk\/index.php?rest_route=%2Fwp%2Fv2%2Fcomments&post=2"}],"version-history":[{"count":0,"href":"https:\/\/www.shgrafik.dk\/index.php?rest_route=\/wp\/v2\/pages\/2\/revisions"}],"wp:attachment":[{"href":"https:\/\/www.shgrafik.dk\/index.php?rest_route=%2Fwp%2Fv2%2Fmedia&parent=2"}],"curies":[{"name":"wp","href":"https:\/\/api.w.org\/{rel}","templated":true}]}}